{"id":4111,"date":"2024-08-09T10:56:08","date_gmt":"2024-08-09T08:56:08","guid":{"rendered":"https:\/\/vicenccosta.com\/politica-de-cookies\/"},"modified":"2024-11-20T12:55:30","modified_gmt":"2024-11-20T11:55:30","slug":"politica-de-cookies","status":"publish","type":"page","link":"https:\/\/vicenccosta.com\/es\/politica-de-cookies\/","title":{"rendered":"Pol\u00edtica de cookies"},"content":{"rendered":"\t\t<div data-elementor-type=\"wp-page\" data-elementor-id=\"4111\" class=\"elementor elementor-4111 elementor-529\" data-elementor-post-type=\"page\">\n\t\t\t\t<div class=\"elementor-element elementor-element-bcc04a2 e-flex e-con-boxed e-con e-parent\" data-id=\"bcc04a2\" data-element_type=\"container\" data-e-type=\"container\">\n\t\t\t\t\t<div class=\"e-con-inner\">\n\t\t\t\t<div class=\"elementor-element elementor-element-082b92f elementor-widget elementor-widget-heading\" data-id=\"082b92f\" data-element_type=\"widget\" data-e-type=\"widget\" data-widget_type=\"heading.default\">\n\t\t\t\t<div class=\"elementor-widget-container\">\n\t\t\t\t\t<h2 class=\"elementor-heading-title elementor-size-default\">Pol\u00edtica de cookies<\/h2>\t\t\t\t<\/div>\n\t\t\t\t<\/div>\n\t\t\t\t<div class=\"elementor-element elementor-element-384ad78 elementor-widget elementor-widget-text-editor\" data-id=\"384ad78\" data-element_type=\"widget\" data-e-type=\"widget\" data-widget_type=\"text-editor.default\">\n\t\t\t\t<div class=\"elementor-widget-container\">\n\t\t\t\t\t\t\t\t\t<p class=\"whitespace-pre-wrap break-words\">En esta web recopilamos y utilizamos la informaci\u00f3n seg\u00fan indicamos en nuestra pol\u00edtica de privacidad. Una de las formas en las que recopilamos informaci\u00f3n es a trav\u00e9s del uso de la tecnolog\u00eda llamada \u201ccookies\u201d. En <a href=\"http:\/\/www.vicenccosta.com\">www.vicenccosta.com,<\/a> utilizamos cookies para varias cosas.  <\/p>\n<h2 class=\"whitespace-pre-wrap break-words\">\u00bfQu\u00e9 es una cookie?<\/h2>\n<p class=\"whitespace-pre-wrap break-words\">Una \u201ccookie\u201d es una peque\u00f1a cantidad de texto que se almacena en tu navegador (p.ej. Chrome de Google o Safari de Apple) cuando navegas por la mayor\u00eda de los sitios web.<\/p>\n<\/p>\n<h2 class=\"whitespace-pre-wrap break-words\">Aceptaci\u00f3n de cookies<\/h2>\n<p class=\"whitespace-pre-wrap break-words\">Al acceder a este sitio web o aplicaci\u00f3n por primera vez, aparecer\u00e1 una advertencia donde se le informa de la utilizaci\u00f3n de las cookies y donde se puede consultar esta pol\u00edtica de cookies.<\/p>\n<p class=\"whitespace-pre-wrap break-words\">No se descargar\u00e1 ninguna cookie hasta que el usuario no consienta expresamente la instalaci\u00f3n de las cookies. Si el usuario consiente la utilizaci\u00f3n de cookies, se realizar\u00e1 la instalaci\u00f3n de las mismas en su equipo o dispositivo. <\/p>\n<p class=\"whitespace-pre-wrap break-words\">Adem\u00e1s del uso de nuestras cookies propias, permitimos a terceros establecer cookies y acceder a ellas en su dispositivo.<\/p>\n<h2 class=\"whitespace-pre-wrap break-words\">\u00bfQu\u00e9 informaci\u00f3n almacena una cookie?<\/h2>\n<p class=\"whitespace-pre-wrap break-words\">Las cookies no suelen almacenar informaci\u00f3n sensible sobre usted, como tarjetas de cr\u00e9dito o datos bancarios, fotograf\u00edas o informaci\u00f3n personal, etc. Los datos que guardan son de car\u00e1cter t\u00e9cnico, estad\u00edsticos, preferencias personales, personalizaci\u00f3n de contenidos, etc. <\/p>\n<\/p>\n<h2 class=\"whitespace-pre-wrap break-words\">\u00bfQu\u00e9 tipo de cookies existen?<\/h2>\n<p class=\"whitespace-pre-wrap break-words\">Cookies t\u00e9cnicas: Son las m\u00e1s elementales y permiten, entre otras cosas, saber cu\u00e1ndo est\u00e1 navegando un humano o una aplicaci\u00f3n automatizada, cu\u00e1ndo navega un usuario an\u00f3nimo y uno registrado, tareas b\u00e1sicas para el funcionamiento de cualquier web din\u00e1mica.<\/p>\n<p class=\"whitespace-pre-wrap break-words\"><strong>Cookies de an\u00e1lisis<\/strong>: Recogen informaci\u00f3n sobre el tipo de navegaci\u00f3n que est\u00e1 realizando, las secciones que m\u00e1s utiliza, productos consultados, franja horaria de uso, idioma, etc.<\/p>\n<p class=\"whitespace-pre-wrap break-words\"><strong>Cookies publicitarias<\/strong>: Muestran publicidad en funci\u00f3n de su navegaci\u00f3n, su pa\u00eds de procedencia, idioma, etc.<\/p>\n<h2 class=\"whitespace-pre-wrap break-words\">Cookies aceptadas por la normativa y cookies exceptuadas<\/h2>\n<p class=\"whitespace-pre-wrap break-words\">Seg\u00fan la directiva de la UE, las cookies que requieren el consentimiento informado por parte del usuario son las cookies de anal\u00edtica, y las de publicidad y afiliaci\u00f3n, quedando exceptuadas las de car\u00e1cter t\u00e9cnico y las necesarias para el funcionamiento del sitio web o la prestaci\u00f3n de servicios expresamente solicitados por el usuario.<\/p>\n<h2 class=\"whitespace-pre-wrap break-words\">\u00bfQu\u00e9 cookies utiliza esta web?<\/h2>\n<p class=\"whitespace-pre-wrap break-words\">Esta web utiliza cookies propias y de terceros. En este sitio web se utilizan las cookies que se detallan a continuaci\u00f3n: <\/p>\n<h3 class=\"whitespace-pre-wrap break-words\">COOKIES PROPIAS<\/h3>\n<p class=\"whitespace-pre-wrap break-words\"><strong>Inicio de sesi\u00f3n:<\/strong> Las cookies para iniciar sesi\u00f3n te permiten entrar y salir de tu cuenta de <a href=\"http:\/\/www.vicenccosta.com\">www.vicenccosta.com<\/a>.<\/p>\n<p class=\"whitespace-pre-wrap break-words\"><strong>Personalizaci\u00f3n<\/strong>: Las cookies nos ayudan a recordar con qu\u00e9 personas o sitios web has interactuado, para que podamos mostrarte contenido relacionado.<\/p>\n<p class=\"whitespace-pre-wrap break-words\"><strong>Preferencias<\/strong>: Las cookies nos permiten recordar tus ajustes y preferencias, como el idioma preferido y tu configuraci\u00f3n de privacidad.<\/p>\n<p class=\"whitespace-pre-wrap break-words\"><strong>Seguridad<\/strong>: Utilizamos cookies para evitarte riesgos de seguridad. Principalmente para detectar cu\u00e1ndo alguien est\u00e1 intentando piratear tu cuenta de <a href=\"http:\/\/www.vicenccosta.com\">www.vicenccosta.com <\/a>. <\/p>\n<h3>COOKIES DE TERCEROS<\/h3>\n<h4>M\u00f3dulo Google Analytics &#8211; Cookies anal\u00edticas<\/h4>\n<p>Esta web utiliza servicios de an\u00e1lisis, concretamente, Google Analytics para ayudar al website a analizar el uso que hacen los usuarios del sitio web y mejorar la usabilidad del mismo, pero en ning\u00fan caso se asocian a datos que pudieran llegar a identificar al usuario. Google Analytics es un servicio anal\u00edtico de web prestado por Google Inc. El usuario puede consultar aqu\u00ed el tipo de cookies utilizadas por Google.  <\/p>\n<h4>Cookies de redes sociales<\/h4>\n<p>Las cookies de redes sociales pueden almacenarse en su navegador mientras navega por www.vicenccosta.com, por ejemplo, cuando utiliza el bot\u00f3n de compartir contenidos de www.vicenccosta.com en alguna red social.<\/p>\n<p>A continuaci\u00f3n, tienes informaci\u00f3n sobre las cookies de las redes sociales que utiliza esta web en sus propias pol\u00edticas de cookies:<\/p>\n<ul>\n<li>Cookies de Facebook, ver m\u00e1s informaci\u00f3n en su pol\u00edtica de cookies.<\/li>\n<li>Cookies de Instagram, ver m\u00e1s informaci\u00f3n en su pol\u00edtica de cookies.<\/li>\n<li>Cookies de Youtube, ver m\u00e1s informaci\u00f3n en su pol\u00edtica de cookies.<\/li>\n<\/ul>\n<h4>M\u00f3dulo Cookies publicitarias<\/h4>\n<p>Son aquellas que, tratadas por nosotros o por terceros, nos permiten analizar sus h\u00e1bitos de navegaci\u00f3n en Internet para que podamos mostrarle publicidad relacionada con su perfil de navegaci\u00f3n.<\/p>\n<h5>Facebook ads (Meta)<\/h5>\n<p>Facebook Ads (Meta) utiliza las cookies para los siguientes fines:<\/p>\n<p>Medir la efectividad de sus campa\u00f1as publicitarias: Facebook Ads (Meta) utiliza cookies para realizar un seguimiento de las conversiones, es decir, las veces que un usuario hace clic en un anuncio y luego realiza una acci\u00f3n deseada, como comprar un producto o registrarse en un servicio. Esta informaci\u00f3n se utiliza para mejorar la eficacia de las campa\u00f1as publicitarias de Facebook Ads (Meta). <\/p>\n<p>Proporcionar una experiencia de usuario personalizada: Facebook Ads (Meta) utiliza cookies para recordar sus preferencias y proporcionarle una experiencia de usuario m\u00e1s personalizada. Por ejemplo, si ha indicado que est\u00e1 interesado en un determinado producto, Facebook Ads (Meta) puede utilizar cookies para mostrarle anuncios de ese producto. <\/p>\n<p>Mostrarle anuncios relevantes: Facebook Ads (Meta) utiliza cookies para mostrarle anuncios relevantes para sus intereses. Esta informaci\u00f3n se basa en su actividad en el Sitio web y en otros sitios web que ha visitado. <\/p>\n<p>Puede controlar las cookies que utiliza Facebook Ads (Meta) de la siguiente manera:<\/p>\n<p>Utilizar la herramienta de exclusi\u00f3n voluntaria de Facebook Ads (Meta): Facebook Ads (Meta) ofrece una herramienta de exclusi\u00f3n voluntaria que le permite optar por no recibir anuncios personalizados. Puede acceder a la herramienta de exclusi\u00f3n voluntaria aqu\u00ed: https:\/\/www.facebook.com\/help\/247395082112892 <\/p>\n<\/p>\n<h4>Google ads &#8211; Conversi\u00f3n<\/h4>\n<p>Google utiliza cookies, como NID u OGP, para poder personalizar los anuncios que se muestran en los servicios de Google. Google utiliza esas cookies, por ejemplo, para recordarle sus b\u00fasquedas m\u00e1s recientes, sus interacciones anteriores con los resultados de b\u00fasqueda o con la publicidad de un anunciante y sus visitas al sitio web de un anunciante. De ese modo, Google puede mostrarle anuncios personalizados. Estas cookies son enteramente gestionadas por Google. La informaci\u00f3n sobre su uso en nuestro sitio web, incluyendo su direcci\u00f3n IP, puede ser transmitida a Google y almacenada en sus servidores, si bien, ello no te identifica personalmente a menos que hayas iniciado sesi\u00f3n en Google, en cuyo caso est\u00e1 vinculado a tu cuenta de Google.    <\/p>\n<h4>Seguimiento de conversiones de Google Ads (Google LLC)<\/h4>\n<p>El Seguimiento de conversiones de Google Ads es un servicio de estad\u00edsticas prestado por Google LLC que conecta los datos de la red de publicidad de Google Ads con las acciones realizadas en esta Aplicaci\u00f3n.<\/p>\n<p>Datos Personales recogidos: Cookie y Datos de uso.<\/p>\n<p>Remarketing Google Ads:<\/p>\n<p>Utilizamos remarketing de Google Ads que utiliza las cookies para a ofrecer anuncios en l\u00ednea espec\u00edficos basados en visitas anteriores a nuestro sitio web. Google utiliza esta informaci\u00f3n para mostrar anuncios en varios sitios web de terceros a trav\u00e9s de Internet. Estas cookies est\u00e1n a punto de expirar y no contienen informaci\u00f3n que pueda identificarle personalmente. Por favor dir\u00edgete a la publicidad de Google Aviso de privacidad para obtener m\u00e1s informaci\u00f3n.   <\/p>\n<p>Google DoubleClick &#8211; Conversi\u00f3n<\/p>\n<p>Ayuda a los anunciantes a determinar cu\u00e1ntas veces las personas que hacen clic en sus anuncios terminan comprando sus productos o realizando una acci\u00f3n en particular (por ejemplo, enviar un formulario, ver un video, descargar un PDF, etc.). Estas cookies permiten que Google y el anunciante determinen que usted hizo clic en el anuncio y luego visit\u00f3 el sitio del anunciante. Google no utiliza las cookies de conversi\u00f3n para la segmentaci\u00f3n de anuncios personalizada y persisten solo durante un tiempo limitado.  <\/p>\n<p>Duraci\u00f3n: 30 d\u00edas<\/p>\n<h2>\u00bfC\u00f3mo puedes controlar las cookies?<\/h2>\n<p>Puedes controlar las cookies que utilizan de las siguientes maneras:<\/p>\n<\/p>\n<h3>1. Cambiar la configuraci\u00f3n de tu navegador:<\/h3>\n<p>La mayor\u00eda de los navegadores te permiten controlar qu\u00e9 cookies se almacenan en tu dispositivo. Puedes configurar tu navegador para bloquear todas las cookies, bloquear solo las cookies de terceros o permitir solo las cookies de los sitios web que visitas con frecuencia. Consulta la documentaci\u00f3n de tu navegador para obtener m\u00e1s informaci\u00f3n sobre c\u00f3mo administrar las cookies.  <\/p>\n<p>A continuaci\u00f3n, se muestran algunos enlaces a la documentaci\u00f3n de cookies de los navegadores m\u00e1s populares:<\/p>\n<ul>\n<li>Google Chrome: https:\/\/support.google.com\/accounts\/answer\/61416?hl=en&amp;co=GENIE.Platform%3DDesktop<\/li>\n<li>Mozilla Firefox: https:\/\/support.mozilla.org\/en-US\/kb\/websites-say-cookies-are-blocked-unblock-them<\/li>\n<li>Safari: https:\/\/support.apple.com\/es-us\/105082<\/li>\n<li>Microsoft Edge: https:\/\/support.microsoft.com\/es-es\/windows\/administrar-cookies-en-microsoft-edge-ver-permitir-bloquear-eliminar-i-usar-168dab11-0753-043d-7c16-ede5947fc64d<\/li>\n<\/ul>\n<h3>2. Utilizar una herramienta de exclusi\u00f3n voluntaria:<\/h3>\n<p>Algunas empresas de publicidad ofrecen herramientas de exclusi\u00f3n voluntaria que te permiten optar por no recibir anuncios personalizados. Puedes encontrar una lista de herramientas de exclusi\u00f3n voluntaria en el sitio web de la Iniciativa de Publicidad Digital: https:\/\/optout.aboutads.info\/ <\/p>\n<h3>3. Utilizar una extensi\u00f3n de navegador para bloquear cookies:<\/h3>\n<p>Hay muchas extensiones de navegador disponibles que te permiten bloquear cookies. Algunas extensiones populares de bloqueo de cookies incluyen AdBlock Plus y Ghostery. <\/p>\n<p>Ten en cuenta que:<\/p>\n<p>Bloquear todas las cookies puede impedir que algunos sitios web funcionen correctamente.<\/p>\n<p>Adem\u00e1s de las opciones anteriores, www.vicenccosta.com tambi\u00e9n te ofrecen las siguientes opciones para controlar tus cookies:<\/p>\n<p>www.vicenccosta.com no utiliza cookies de terceros para la segmentaci\u00f3n personalizada de anuncios.<\/p>\n<p>www.vicenccosta.com te permite administrar tus preferencias de cookies en cualquier momento. Puedes hacerlo utilizando el panel de control de cookies que se encuentra en el banner de advertencia de cookies. <\/p>\n<h2>Aceptaci\u00f3n de cookies<\/h2>\n<p>Al acceder a este sitio web o aplicaci\u00f3n por primera vez, se mostrar\u00e1 una advertencia donde se informa de la utilizaci\u00f3n de las cookies y donde puede consultar esta pol\u00edtica de cookies. <\/p>\n<p>Si el usuario consiente la utilizaci\u00f3n de cookies, se realizar\u00e1 la instalaci\u00f3n de las mismas en su equipo o dispositivo.<\/p>\n<p>Adem\u00e1s del uso de nuestras cookies propias, permitimos a terceros establecer cookies y acceder a ellas en su ordenador. El consentimiento del uso de las cookies de estas empresas est\u00e1 ligado a la navegaci\u00f3n por este sitio web. <\/p>\n<h2>M\u00e1s informaci\u00f3n sobre las cookies<\/h2>\n<p>Puedes consultar el reglamento sobre cookies publicado por la Agencia Espa\u00f1ola de Protecci\u00f3n de Datos en su \u201cGu\u00eda sobre el uso de las cookies\u201d y obtener m\u00e1s informaci\u00f3n sobre las cookies en Internet, http:\/\/www.aboutcookies.org\/<\/p>\n<p>Si desea tener un mayor control sobre la instalaci\u00f3n de cookies, puede instalar programas o complementos a su navegador, conocidos como herramientas de \u201cDo Not Track\u201d, que le permitir\u00e1n escoger aquellas cookies que desea permitir.<\/p>\n<p>Esta pol\u00edtica de cookies ha sido actualizada por \u00faltima vez el 08\/11\/2024<\/p>\n<p class=\"whitespace-pre-wrap break-words\">\n\t\t\t\t\t\t\t\t<\/div>\n\t\t\t\t<\/div>\n\t\t\t\t\t<\/div>\n\t\t\t\t<\/div>\n\t\t\t\t<\/div>\n\t\t","protected":false},"excerpt":{"rendered":"<p>En esta web recopilamos y utilizamos la informaci\u00f3n seg\u00fan indicamos en nuestra pol\u00edtica de privacidad. Una de las formas en [&hellip;]<\/p>\n","protected":false},"author":1,"featured_media":0,"parent":0,"menu_order":0,"comment_status":"closed","ping_status":"closed","template":"","meta":{"site-sidebar-layout":"no-sidebar","site-content-layout":"","ast-site-content-layout":"full-width-container","site-content-style":"default","site-sidebar-style":"default","ast-global-header-display":"","ast-banner-title-visibility":"","ast-main-header-display":"","ast-hfb-above-header-display":"","ast-hfb-below-header-display":"","ast-hfb-mobile-header-display":"","site-post-title":"disabled","ast-breadcrumbs-content":"","ast-featured-img":"disabled","footer-sml-layout":"","ast-disable-related-posts":"","theme-transparent-header-meta":"","adv-header-id-meta":"","stick-header-meta":"","header-above-stick-meta":"","header-main-stick-meta":"","header-below-stick-meta":"","astra-migrate-meta-layouts":"default","ast-page-background-enabled":"default","ast-page-background-meta":{"desktop":{"background-color":"var(--ast-global-color-4)","background-image":"","background-repeat":"repeat","background-position":"center center","background-size":"auto","background-attachment":"scroll","background-type":"","background-media":"","overlay-type":"","overlay-color":"","overlay-opacity":"","overlay-gradient":""},"tablet":{"background-color":"","background-image":"","background-repeat":"repeat","background-position":"center center","background-size":"auto","background-attachment":"scroll","background-type":"","background-media":"","overlay-type":"","overlay-color":"","overlay-opacity":"","overlay-gradient":""},"mobile":{"background-color":"","background-image":"","background-repeat":"repeat","background-position":"center center","background-size":"auto","background-attachment":"scroll","background-type":"","background-media":"","overlay-type":"","overlay-color":"","overlay-opacity":"","overlay-gradient":""}},"ast-content-background-meta":{"desktop":{"background-color":"var(--ast-global-color-5)","background-image":"","background-repeat":"repeat","background-position":"center center","background-size":"auto","background-attachment":"scroll","background-type":"","background-media":"","overlay-type":"","overlay-color":"","overlay-opacity":"","overlay-gradient":""},"tablet":{"background-color":"var(--ast-global-color-5)","background-image":"","background-repeat":"repeat","background-position":"center center","background-size":"auto","background-attachment":"scroll","background-type":"","background-media":"","overlay-type":"","overlay-color":"","overlay-opacity":"","overlay-gradient":""},"mobile":{"background-color":"var(--ast-global-color-5)","background-image":"","background-repeat":"repeat","background-position":"center center","background-size":"auto","background-attachment":"scroll","background-type":"","background-media":"","overlay-type":"","overlay-color":"","overlay-opacity":"","overlay-gradient":""}},"footnotes":""},"class_list":["post-4111","page","type-page","status-publish","hentry"],"yoast_head":"<!-- This site is optimized with the Yoast SEO plugin v26.6 - https:\/\/yoast.com\/wordpress\/plugins\/seo\/ -->\n<title>Pol\u00edtica de cookies - Vicen\u00e7 Costa<\/title>\n<meta name=\"robots\" content=\"index, follow, max-snippet:-1, max-image-preview:large, max-video-preview:-1\" \/>\n<link rel=\"canonical\" href=\"https:\/\/vicenccosta.com\/es\/politica-de-cookies\/\" \/>\n<meta property=\"og:locale\" content=\"es_ES\" \/>\n<meta property=\"og:type\" content=\"article\" \/>\n<meta property=\"og:title\" content=\"Pol\u00edtica de cookies - Vicen\u00e7 Costa\" \/>\n<meta property=\"og:description\" content=\"En esta web recopilamos y utilizamos la informaci\u00f3n seg\u00fan indicamos en nuestra pol\u00edtica de privacidad. Una de las formas en [&hellip;]\" \/>\n<meta property=\"og:url\" content=\"https:\/\/vicenccosta.com\/es\/politica-de-cookies\/\" \/>\n<meta property=\"og:site_name\" content=\"Vicen\u00e7 Costa\" \/>\n<meta property=\"article:modified_time\" content=\"2024-11-20T11:55:30+00:00\" \/>\n<meta name=\"twitter:card\" content=\"summary_large_image\" \/>\n<meta name=\"twitter:label1\" content=\"Tiempo de lectura\" \/>\n\t<meta name=\"twitter:data1\" content=\"9 minutos\" \/>\n<script type=\"application\/ld+json\" class=\"yoast-schema-graph\">{\"@context\":\"https:\/\/schema.org\",\"@graph\":[{\"@type\":\"WebPage\",\"@id\":\"https:\/\/vicenccosta.com\/es\/politica-de-cookies\/\",\"url\":\"https:\/\/vicenccosta.com\/es\/politica-de-cookies\/\",\"name\":\"Pol\u00edtica de cookies - Vicen\u00e7 Costa\",\"isPartOf\":{\"@id\":\"https:\/\/vicenccosta.com\/es\/#website\"},\"datePublished\":\"2024-08-09T08:56:08+00:00\",\"dateModified\":\"2024-11-20T11:55:30+00:00\",\"breadcrumb\":{\"@id\":\"https:\/\/vicenccosta.com\/es\/politica-de-cookies\/#breadcrumb\"},\"inLanguage\":\"es\",\"potentialAction\":[{\"@type\":\"ReadAction\",\"target\":[\"https:\/\/vicenccosta.com\/es\/politica-de-cookies\/\"]}]},{\"@type\":\"BreadcrumbList\",\"@id\":\"https:\/\/vicenccosta.com\/es\/politica-de-cookies\/#breadcrumb\",\"itemListElement\":[{\"@type\":\"ListItem\",\"position\":1,\"name\":\"Portada\",\"item\":\"https:\/\/vicenccosta.com\/es\/\"},{\"@type\":\"ListItem\",\"position\":2,\"name\":\"Pol\u00edtica de cookies\"}]},{\"@type\":\"WebSite\",\"@id\":\"https:\/\/vicenccosta.com\/es\/#website\",\"url\":\"https:\/\/vicenccosta.com\/es\/\",\"name\":\"Vicen\u00e7 Costa\",\"description\":\"\",\"potentialAction\":[{\"@type\":\"SearchAction\",\"target\":{\"@type\":\"EntryPoint\",\"urlTemplate\":\"https:\/\/vicenccosta.com\/es\/?s={search_term_string}\"},\"query-input\":{\"@type\":\"PropertyValueSpecification\",\"valueRequired\":true,\"valueName\":\"search_term_string\"}}],\"inLanguage\":\"es\"}]}<\/script>\n<!-- \/ Yoast SEO plugin. -->","yoast_head_json":{"title":"Pol\u00edtica de cookies - Vicen\u00e7 Costa","robots":{"index":"index","follow":"follow","max-snippet":"max-snippet:-1","max-image-preview":"max-image-preview:large","max-video-preview":"max-video-preview:-1"},"canonical":"https:\/\/vicenccosta.com\/es\/politica-de-cookies\/","og_locale":"es_ES","og_type":"article","og_title":"Pol\u00edtica de cookies - Vicen\u00e7 Costa","og_description":"En esta web recopilamos y utilizamos la informaci\u00f3n seg\u00fan indicamos en nuestra pol\u00edtica de privacidad. Una de las formas en [&hellip;]","og_url":"https:\/\/vicenccosta.com\/es\/politica-de-cookies\/","og_site_name":"Vicen\u00e7 Costa","article_modified_time":"2024-11-20T11:55:30+00:00","twitter_card":"summary_large_image","twitter_misc":{"Tiempo de lectura":"9 minutos"},"schema":{"@context":"https:\/\/schema.org","@graph":[{"@type":"WebPage","@id":"https:\/\/vicenccosta.com\/es\/politica-de-cookies\/","url":"https:\/\/vicenccosta.com\/es\/politica-de-cookies\/","name":"Pol\u00edtica de cookies - Vicen\u00e7 Costa","isPartOf":{"@id":"https:\/\/vicenccosta.com\/es\/#website"},"datePublished":"2024-08-09T08:56:08+00:00","dateModified":"2024-11-20T11:55:30+00:00","breadcrumb":{"@id":"https:\/\/vicenccosta.com\/es\/politica-de-cookies\/#breadcrumb"},"inLanguage":"es","potentialAction":[{"@type":"ReadAction","target":["https:\/\/vicenccosta.com\/es\/politica-de-cookies\/"]}]},{"@type":"BreadcrumbList","@id":"https:\/\/vicenccosta.com\/es\/politica-de-cookies\/#breadcrumb","itemListElement":[{"@type":"ListItem","position":1,"name":"Portada","item":"https:\/\/vicenccosta.com\/es\/"},{"@type":"ListItem","position":2,"name":"Pol\u00edtica de cookies"}]},{"@type":"WebSite","@id":"https:\/\/vicenccosta.com\/es\/#website","url":"https:\/\/vicenccosta.com\/es\/","name":"Vicen\u00e7 Costa","description":"","potentialAction":[{"@type":"SearchAction","target":{"@type":"EntryPoint","urlTemplate":"https:\/\/vicenccosta.com\/es\/?s={search_term_string}"},"query-input":{"@type":"PropertyValueSpecification","valueRequired":true,"valueName":"search_term_string"}}],"inLanguage":"es"}]}},"_links":{"self":[{"href":"https:\/\/vicenccosta.com\/es\/wp-json\/wp\/v2\/pages\/4111","targetHints":{"allow":["GET"]}}],"collection":[{"href":"https:\/\/vicenccosta.com\/es\/wp-json\/wp\/v2\/pages"}],"about":[{"href":"https:\/\/vicenccosta.com\/es\/wp-json\/wp\/v2\/types\/page"}],"author":[{"embeddable":true,"href":"https:\/\/vicenccosta.com\/es\/wp-json\/wp\/v2\/users\/1"}],"replies":[{"embeddable":true,"href":"https:\/\/vicenccosta.com\/es\/wp-json\/wp\/v2\/comments?post=4111"}],"version-history":[{"count":2,"href":"https:\/\/vicenccosta.com\/es\/wp-json\/wp\/v2\/pages\/4111\/revisions"}],"predecessor-version":[{"id":4815,"href":"https:\/\/vicenccosta.com\/es\/wp-json\/wp\/v2\/pages\/4111\/revisions\/4815"}],"wp:attachment":[{"href":"https:\/\/vicenccosta.com\/es\/wp-json\/wp\/v2\/media?parent=4111"}],"curies":[{"name":"wp","href":"https:\/\/api.w.org\/{rel}","templated":true}]}}